{"id":937,"date":"2025-12-24T06:16:43","date_gmt":"2025-12-24T06:16:43","guid":{"rendered":"https:\/\/capstanmusik.dk\/?page_id=937"},"modified":"2026-04-05T07:12:09","modified_gmt":"2026-04-05T07:12:09","slug":"capstan-repertoire-2026-noder","status":"publish","type":"page","link":"https:\/\/capstanmusik.dk\/?page_id=937","title":{"rendered":"Noder."},"content":{"rendered":"\n<p><a href=\"https:\/\/capstanmusik.dk\/wp-content\/uploads\/2025\/Noder\/N-001-Den-er-fin-med-kompasset.pdf\">1. Den er fin med kompasset<\/a><a href=\"https:\/\/capstanmusik.dk\/wp-content\/uploads\/2025\/Noder\/N-003-The-drunken-sailor.pdf\"><br \/><\/a><a href=\"https:\/\/capstanmusik.dk\/wp-content\/uploads\/2025\/Noder\/N-004-Roling-Home.pdf\">4. Roling home<\/a><br \/><a href=\"https:\/\/capstanmusik.dk\/wp-content\/uploads\/2025\/Noder\/N-006-Imellem-Esbjerg-og-Fanoe.pdf\">6. Imellem Esbjerg og Fan\u00f8<\/a><br \/><a href=\"https:\/\/capstanmusik.dk\/wp-content\/uploads\/2025\/Noder\/N-010-Blow-Boys-Blow.pdf\">10. Blow boys blow<\/a><br \/><a href=\"https:\/\/capstanmusik.dk\/wp-content\/uploads\/2025\/Noder\/N-012-Leave-her-Johnny-leave-her.pdf\">12. Leave her, Johnny, leave her<\/a><br \/><a href=\"https:\/\/capstanmusik.dk\/wp-content\/uploads\/2025\/Noder\/N-013-Cant-You-Dance-The-Polka.pdf\">13. Can\u00b4t You Dance, The Polka<\/a><br \/><a href=\"https:\/\/capstanmusik.dk\/wp-content\/uploads\/2025\/Noder\/N-020-Afskedssang-fra-Fanoe.pdf\">20. Afskedssang fra Fan\u00f8<\/a><br \/><a href=\"https:\/\/capstanmusik.dk\/wp-content\/uploads\/2025\/Noder\/N-022-Farewell-to-Carlingford.pdf\">22. Farewell to Carlingford<\/a><br \/><a href=\"https:\/\/capstanmusik.dk\/wp-content\/uploads\/2025\/Noder\/N-025-Baltimore-Song.pdf\">25. Baltimore song (Up she Goes)<\/a><br \/><a href=\"https:\/\/capstanmusik.dk\/wp-content\/uploads\/2025\/Noder\/N-027-Home-from-the-Sea.pdf\">27. Home from the Sea<\/a><br \/><a href=\"https:\/\/capstanmusik.dk\/wp-content\/uploads\/2025\/Noder\/N-029-Fire-Down-Below.pdf\">29. Fire down below<\/a><br \/><a href=\"https:\/\/capstanmusik.dk\/wp-content\/uploads\/2025\/Noder\/N-030-Esbjergvalsen.pdf\">30. Esbjerg valsen<\/a><br \/><a href=\"https:\/\/capstanmusik.dk\/wp-content\/uploads\/2025\/Noder\/N-031-Fra-Halifax-til-Spanien.pdf\">31. Fra Halifax til Spanien<\/a><br \/><a href=\"https:\/\/capstanmusik.dk\/wp-content\/uploads\/2025\/Noder\/N-032-Strike-The-Bell.pdf\">32. Strike the Bell<\/a><br \/><a href=\"https:\/\/capstanmusik.dk\/wp-content\/uploads\/2025\/Noder\/034-The-Last-Farewell-mel-m-nr.pdf\"><strong>34. The Last Farewell<\/strong><\/a><br \/><a href=\"https:\/\/capstanmusik.dk\/wp-content\/uploads\/2025\/Noder\/N-036-Sorte-Rudolf.pdf\">36. Sorte Rudolf<\/a><br \/><a href=\"https:\/\/capstanmusik.dk\/wp-content\/uploads\/2025\/Noder\/N-037-Fiddler\u00b4s-Green.pdf\">37. Fiddler\u00b4s Green<\/a><br \/><a href=\"https:\/\/capstanmusik.dk\/wp-content\/uploads\/2025\/Noder\/N-038-Fil-Take-med-home.pdf\">38. Take me Home<\/a><br \/><a href=\"https:\/\/capstanmusik.dk\/wp-content\/uploads\/2025\/Noder\/N-039-Fil-Nordsoeboelger.pdf\">39. Nords\u00f8b\u00f8lger<\/a><br \/><a href=\"https:\/\/capstanmusik.dk\/wp-content\/uploads\/2025\/Noder\/N-040-Fil-Alle-soemaend-er-glade-for-piger.pdf\">40. Alle s\u00f8m\u00e6nd er glade for piger<\/a><br \/><a href=\"https:\/\/capstanmusik.dk\/wp-content\/uploads\/2025\/Noder\/N-044-Mandalay.pdf\">44. Mandalay<\/a><br \/><a href=\"https:\/\/capstanmusik.dk\/wp-content\/uploads\/2025\/Noder\/N-045-Kleine-Cafe.pdf\">45. Kleine Cafe<\/a><br \/><a href=\"https:\/\/capstanmusik.dk\/wp-content\/uploads\/2025\/Noder\/N-046-All-for-me-Grog-acc.pdf\">46. All for me Grog<\/a><br \/><a href=\"https:\/\/capstanmusik.dk\/wp-content\/uploads\/2025\/Noder\/N-048-John-Kanaka.pdf\">48. John Kanaka<\/a><br \/><a href=\"https:\/\/capstanmusik.dk\/wp-content\/uploads\/2025\/Noder\/N-050-The-leaving-of-Liverpool.pdf\">50. Leaving of Liverpool<\/a><br \/><a href=\"https:\/\/capstanmusik.dk\/wp-content\/uploads\/2025\/Noder\/N-051-seemann.pdf\">51. Seemann<\/a><br \/><a href=\"https:\/\/capstanmusik.dk\/wp-content\/uploads\/2025\/Noder\/N-059-Bye-bye-my-Roseanne.pdf\">59. Bye Bye my Roseanna<\/a><br \/><strong><a href=\"https:\/\/capstanmusik.dk\/wp-content\/uploads\/2025\/Noder\/063-Saa-laenge-skuden-kan-gaa-mel.pdf\">63. S\u00e5 l\u00e6nge skuden kan g\u00e5<\/a><\/strong><br \/><a href=\"https:\/\/capstanmusik.dk\/wp-content\/uploads\/2025\/Noder\/N-064-Pay-me-my-money-down.pdf\">64. Pay me the money down<\/a><br \/><a href=\"https:\/\/capstanmusik.dk\/wp-content\/uploads\/2025\/Noder\/N-064A-Pay-me-my-money-down.pdf\">64a. Pay me the money down<\/a><br \/><a href=\"https:\/\/capstanmusik.dk\/wp-content\/uploads\/2025\/Noder\/N-066-Naar-en-sailor-gaar-i-land.pdf\">66. N\u00e5r en sailor g\u00e5r i land<\/a><br \/><a href=\"https:\/\/capstanmusik.dk\/wp-content\/uploads\/2025\/Noder\/N-069-Anchors-Aweigh.pdf\">69. Ancors aweigh<\/a><br \/><a href=\"https:\/\/capstanmusik.dk\/wp-content\/uploads\/2025\/Noder\/N-072-Jack-was-every-inch-a-Sailor.pdf\">72. Jack was evry inch a\u00b4sailor<\/a><br \/><a href=\"https:\/\/capstanmusik.dk\/wp-content\/uploads\/2025\/Noder\/N-074-Naar-vinden-er-os-foejelig.pdf\">74. N\u00e5r vinden er os f\u00f8jelig<\/a><br \/><a href=\"https:\/\/capstanmusik.dk\/wp-content\/uploads\/2025\/Noder\/N-078-Vi-foerer-os-frem.pdf\">78. Vi f\u00f8rer os frem<\/a><br \/><a href=\"https:\/\/capstanmusik.dk\/wp-content\/uploads\/2025\/Noder\/N-079-Sams-gone-away.pdf\">79. Sam\u00b4s Gone Away<\/a><br \/><a href=\"https:\/\/capstanmusik.dk\/wp-content\/uploads\/2025\/Noder\/N-080-Botany-BAY.pdf\">80. Botany Bay<\/a><br \/><a href=\"https:\/\/capstanmusik.dk\/wp-content\/uploads\/2025\/Noder\/N-081-Der-gaar-altid-baade-tilbage.pdf\">81. Der g\u00e5r altid b\u00e5de tilbage<\/a><br \/><a href=\"https:\/\/capstanmusik.dk\/wp-content\/uploads\/2025\/Noder\/N-082-Mytteriet-paa-Bounty.pdf\">82. Mytteriet p\u00e5 Bounty<\/a><br \/><a href=\"https:\/\/capstanmusik.dk\/wp-content\/uploads\/2025\/Noder\/N-083-The-Wellerman.pdf\">83. Wellermann<\/a><br \/><a href=\"https:\/\/capstanmusik.dk\/wp-content\/uploads\/2025\/Noder\/N-086-Nu-har-vi-kun-miderne.pdf\">86. Nu har vi kun minderne<\/a><br \/><a href=\"https:\/\/capstanmusik.dk\/wp-content\/uploads\/2025\/Noder\/N-088-Capstan-drikkevise.pdf\">88. S\u00e5 l\u00e6nge vi \u00f8llet kan drikke<\/a><br \/><a href=\"https:\/\/capstanmusik.dk\/wp-content\/uploads\/2025\/Noder\/N-090-Hyldest-til-Esbjerg.pdf\">90. Hyldest til Esbjerg<\/a><br \/><a href=\"https:\/\/capstanmusik.dk\/wp-content\/uploads\/2025\/Noder\/N-000-Det-gode-skib-Martha.pdf\">0. Det gode skib Martha<\/a><\/p>\n","protected":false},"excerpt":{"rendered":"<p>1. Den er fin med kompasset4. Roling home6. Imellem Esbjerg og Fan\u00f810. Blow boys blow12. Leave her, Johnny, leave her13. Can\u00b4t You Dance, The Polka20. Afskedssang fra Fan\u00f822. Farewell to Carlingford25. Baltimore song (Up she Goes)27. Home from the Sea29. Fire down below30. Esbjerg valsen31. Fra Halifax til Spanien32. Strike the Bell34. The Last Farewell36. [&hellip;]<\/p>\n","protected":false},"author":1,"featured_media":0,"parent":0,"menu_order":2,"comment_status":"closed","ping_status":"closed","template":"","meta":{"footnotes":""},"class_list":["post-937","page","type-page","status-publish","hentry"],"featured_image_src":null,"_links":{"self":[{"href":"https:\/\/capstanmusik.dk\/index.php?rest_route=\/wp\/v2\/pages\/937","targetHints":{"allow":["GET"]}}],"collection":[{"href":"https:\/\/capstanmusik.dk\/index.php?rest_route=\/wp\/v2\/pages"}],"about":[{"href":"https:\/\/capstanmusik.dk\/index.php?rest_route=\/wp\/v2\/types\/page"}],"author":[{"embeddable":true,"href":"https:\/\/capstanmusik.dk\/index.php?rest_route=\/wp\/v2\/users\/1"}],"replies":[{"embeddable":true,"href":"https:\/\/capstanmusik.dk\/index.php?rest_route=%2Fwp%2Fv2%2Fcomments&post=937"}],"version-history":[{"count":14,"href":"https:\/\/capstanmusik.dk\/index.php?rest_route=\/wp\/v2\/pages\/937\/revisions"}],"predecessor-version":[{"id":1050,"href":"https:\/\/capstanmusik.dk\/index.php?rest_route=\/wp\/v2\/pages\/937\/revisions\/1050"}],"wp:attachment":[{"href":"https:\/\/capstanmusik.dk\/index.php?rest_route=%2Fwp%2Fv2%2Fmedia&parent=937"}],"curies":[{"name":"wp","href":"https:\/\/api.w.org\/{rel}","templated":true}]}}