{"id":931,"date":"2025-12-24T06:15:51","date_gmt":"2025-12-24T06:15:51","guid":{"rendered":"https:\/\/capstanmusik.dk\/?page_id=931"},"modified":"2026-03-29T06:44:08","modified_gmt":"2026-03-29T06:44:08","slug":"capstan-repertoire-2026-tekster","status":"publish","type":"page","link":"https:\/\/capstanmusik.dk\/?page_id=931","title":{"rendered":"Tekster."},"content":{"rendered":"\n<p><a href=\"https:\/\/capstanmusik.dk\/wp-content\/uploads\/2025\/Tekster\/001-Den-er-fin-med-kompasset.pdf\"><span style=\"color: #000000;\">1.\u00a0 Den er fin med kompasset<\/span><\/a><br \/><span style=\"color: #000000;\"><a style=\"color: #000000;\" href=\"https:\/\/capstanmusik.dk\/wp-content\/uploads\/2025\/Tekster\/004-Rolling-Home.pdf\">4. Rolling Home<\/a><\/span><br \/><span style=\"color: #000000;\"><a style=\"color: #000000;\" href=\"https:\/\/capstanmusik.dk\/wp-content\/uploads\/2025\/Tekster\/006-Imellem-Esbjerg-og-Fanoe.pdf\" data-type=\"attachment\" data-id=\"113\">6. Imellem Esbjerg og Fan\u00f8<\/a><\/span><br \/><span style=\"color: #000000;\"><a style=\"color: #000000;\" href=\"https:\/\/capstanmusik.dk\/wp-content\/uploads\/2025\/Tekster\/010-Blow-boys-blow.pdf\">10. Blow boys blow<\/a><\/span><br \/><span style=\"color: #000000;\"><a style=\"color: #000000;\" href=\"https:\/\/capstanmusik.dk\/wp-content\/uploads\/2025\/Tekster\/012-Leave-her-Johnny-Leave-her.pdf\">12.\u00a0Leave her, Johnny, leave her<\/a><\/span><br \/><span style=\"color: #000000;\"><a style=\"color: #000000;\" href=\"https:\/\/capstanmusik.dk\/wp-content\/uploads\/2025\/Tekster\/013-Cant-your-dance-the-polka.pdf\">13. Can`t you dance the polka<\/a><\/span><br \/><span style=\"color: #000000;\"><a style=\"color: #000000;\" href=\"https:\/\/capstanmusik.dk\/wp-content\/uploads\/2025\/Tekster\/020-Afskedssang-fra-Fanoe.pdf\">20. Afskedssang fra Fan\u00f8<\/a><\/span><br \/><span style=\"color: #000000;\"><a style=\"color: #000000;\" href=\"https:\/\/capstanmusik.dk\/wp-content\/uploads\/2025\/Tekster\/020-At-samles-skilles-ad-Cux.pdf\">20a. Afskedssang fra Fan\u00f8 &#8211; Cuxhaven<\/a><\/span><br \/><span style=\"color: #000000;\"><a style=\"color: #000000;\" href=\"https:\/\/capstanmusik.dk\/wp-content\/uploads\/2025\/Tekster\/022-Farewell-To-Carlingford-1.pdf\">22. Farewell to Carlingford<\/a><\/span><br \/><span style=\"color: #000000;\"><a style=\"color: #000000;\" href=\"https:\/\/capstanmusik.dk\/wp-content\/uploads\/2025\/Tekster\/025-Baltimore-Song.pdf\">25. Baltimore song<\/a> (up she goes)<\/span><br \/><span style=\"color: #000000;\"><a style=\"color: #000000;\" href=\"https:\/\/capstanmusik.dk\/wp-content\/uploads\/2025\/Tekster\/027-Home-from-the-Sea.pdf\">27. Home from the sea<\/a><\/span><br \/><span style=\"color: #000000;\"><a style=\"color: #000000;\" href=\"https:\/\/capstanmusik.dk\/wp-content\/uploads\/2025\/Tekster\/029-Fire-down-below.pdf\">29. Fire down below<\/a><\/span><br \/><span style=\"color: #000000;\"><a style=\"color: #000000;\" href=\"https:\/\/capstanmusik.dk\/wp-content\/uploads\/2025\/Tekster\/030-Esbjerg-Valsen.pdf\">30. Esbjerg Valsen<\/a><\/span><br \/><span style=\"color: #000000;\"><a style=\"color: #000000;\" href=\"https:\/\/capstanmusik.dk\/wp-content\/uploads\/2025\/Tekster\/031-Fra-Halifax-til-Spanien.pdf\">31. Fra Halifax til Spanien<\/a><\/span><br \/><span style=\"color: #000000;\"><a style=\"color: #000000;\" href=\"https:\/\/capstanmusik.dk\/wp-content\/uploads\/2025\/Tekster\/032-Strike-the-Bell.pdf\">32. Strike the Bell<\/a><br \/><\/span><strong><a href=\"https:\/\/capstanmusik.dk\/wp-content\/uploads\/2025\/Tekster\/034-The-Last-Farewell-tekst-m-nr.pdf\">34. The Last farewell.<\/a><\/strong><br \/><span style=\"color: #000000;\"><a style=\"color: #000000;\" href=\"https:\/\/capstanmusik.dk\/wp-content\/uploads\/2025\/Tekster\/036-Sorte-Rudolf.pdf\">36. Sorte Rudolf<\/a><\/span><br \/><span style=\"color: #000000;\"><a style=\"color: #000000;\" href=\"https:\/\/capstanmusik.dk\/wp-content\/uploads\/2025\/Tekster\/037-Fiskerens-himmerige.pdf\">37. Fiskerens himmerrige<\/a><\/span><br \/><span style=\"color: #000000;\"><a style=\"color: #000000;\" href=\"https:\/\/capstanmusik.dk\/wp-content\/uploads\/2025\/Tekster\/037A-Fiddlers-Green.pdf\">37a. Fiddlers Green<\/a><\/span><br \/><span style=\"color: #000000;\"><a style=\"color: #000000;\" href=\"https:\/\/capstanmusik.dk\/wp-content\/uploads\/2025\/Tekster\/038-Take-med-Home.pdf\">38. Take me home<\/a><\/span><br \/><span style=\"color: #000000;\"><a style=\"color: #000000;\" href=\"https:\/\/capstanmusik.dk\/wp-content\/uploads\/2025\/Tekster\/039-Nordsoeboelger.pdf\">39. Nords\u00f8b\u00f8lger<\/a><\/span><br \/><span style=\"color: #000000;\"><a style=\"color: #000000;\" href=\"https:\/\/capstanmusik.dk\/wp-content\/uploads\/2025\/Tekster\/040-Alle-soemaend-er-glade-for-piger.pdf\">40. Alle s\u00f8m\u00e6nd er glade for piger<\/a><\/span><br \/><span style=\"color: #000000;\"><a style=\"color: #000000;\" href=\"https:\/\/capstanmusik.dk\/wp-content\/uploads\/2025\/Tekster\/044-Mandalay.pdf\">44. Mandalay<\/a><\/span><br \/><span style=\"color: #000000;\"><a style=\"color: #000000;\" href=\"https:\/\/capstanmusik.dk\/wp-content\/uploads\/2025\/Tekster\/045-Kliene-cafe-NL.pdf\">45. Kleine Cafe<\/a> (NL)<\/span><br \/><span style=\"color: #000000;\"><a style=\"color: #000000;\" href=\"https:\/\/capstanmusik.dk\/wp-content\/uploads\/2025\/Tekster\/045A-Den-lille-cafe-DK.pdf\">45a. Den lille Cafe (DK)<\/a><\/span><br \/><span style=\"color: #000000;\"><a style=\"color: #000000;\" href=\"https:\/\/capstanmusik.dk\/wp-content\/uploads\/2025\/Tekster\/045B-Red-Rose-Cafe-GB.pdf\">45b. Red Rose Cafe (UK)<\/a><\/span><br \/><span style=\"color: #000000;\"><a style=\"color: #000000;\" href=\"https:\/\/capstanmusik.dk\/wp-content\/uploads\/2025\/Tekster\/045C-Die-Kleine-Kneipe.pdf\">45c. Die kleine Kneipe (DE)<\/a><\/span><br \/><span style=\"color: #000000;\"><a style=\"color: #000000;\" href=\"https:\/\/capstanmusik.dk\/wp-content\/uploads\/2025\/Tekster\/046-All-for-me-grog.pdf\">46. All for me Grog<\/a><\/span><br \/><span style=\"color: #000000;\"><a style=\"color: #000000;\" href=\"https:\/\/capstanmusik.dk\/wp-content\/uploads\/2025\/Tekster\/048-John-Kanaka-Ny.pdf\">48. John Kanaka<\/a><\/span><br \/><span style=\"color: #000000;\"><a style=\"color: #000000;\" href=\"https:\/\/capstanmusik.dk\/wp-content\/uploads\/2025\/Tekster\/050-The-Leaving-of-Liverpool.pdf\">50. Leaving of Liverpool<\/a><\/span><br \/><span style=\"color: #000000;\"><a style=\"color: #000000;\" href=\"https:\/\/capstanmusik.dk\/wp-content\/uploads\/2025\/Tekster\/051-Seemann.pdf\">51. Seemann<\/a><\/span><br \/><span style=\"color: #000000;\"><a style=\"color: #000000;\" href=\"https:\/\/capstanmusik.dk\/wp-content\/uploads\/2025\/Tekster\/059-Bye-Bye-my-Roseanna.pdf\">59. Bye bye my Roseanna<\/a><br \/><strong><a href=\"https:\/\/capstanmusik.dk\/wp-content\/uploads\/2025\/Tekster\/63-Saa-laenge-Skutan-kan-gaa.pdf\">63. S\u00e5 l\u00e4nge skutan kan g\u00e5 (svensk)<\/a><\/strong><br \/><\/span><a href=\"https:\/\/capstanmusik.dk\/wp-content\/uploads\/2025\/Tekster\/063-Saa-laenge-skuden-kan-gaa-tekst.pdf\"><strong>63a. S\u00e5 l\u00e6nge skuden kan g\u00e5 (dansk)<\/strong><\/a><br \/><span style=\"color: #000000;\"><a style=\"color: #000000;\" href=\"https:\/\/capstanmusik.dk\/wp-content\/uploads\/2025\/Tekster\/064-Pay-me-the-money-down.pdf\">64. Pay me my money down<\/a><\/span><br \/><span style=\"color: #000000;\"><a style=\"color: #000000;\" href=\"https:\/\/capstanmusik.dk\/wp-content\/uploads\/2025\/Tekster\/066-Naar-en-Sailor-gaar-i-land.pdf\">66. N\u00e5r en sailor g\u00e5r i land<\/a><\/span><br \/><span style=\"color: #000000;\"><a style=\"color: #000000;\" href=\"https:\/\/capstanmusik.dk\/wp-content\/uploads\/2025\/Tekster\/069-Anchors-Aweigh.pdf\">69. \u00a0Ancors aweigh<\/a><\/span><span style=\"color: #000000;\"><a style=\"color: #000000;\" href=\"https:\/\/capstanmusik.dk\/wp-content\/uploads\/2025\/Tekster\/071-Cockles-and-Mussels.pdf\">s<\/a><\/span><br \/><span style=\"color: #000000;\"><a style=\"color: #000000;\" href=\"https:\/\/capstanmusik.dk\/wp-content\/uploads\/2025\/Tekster\/072-Jack-was-every-inch-a-sailor.pdf\">72. Jack was every inch a sailor<\/a><\/span><br \/><span style=\"color: #000000;\"><a style=\"color: #000000;\" href=\"https:\/\/capstanmusik.dk\/wp-content\/uploads\/2025\/Tekster\/074-Naar-vinden-er-os-foejelig.pdf\">74. N\u00e5r vinden er os f\u00f8jelig<\/a><\/span><br \/><span style=\"color: #000000;\"><a style=\"color: #000000;\" href=\"https:\/\/capstanmusik.dk\/wp-content\/uploads\/2025\/Tekster\/078-Vi-foerer-os-frem.pdf\">78. Vi f\u00f8rer os frem<\/a><\/span><br \/><span style=\"color: #000000;\"><a style=\"color: #000000;\" href=\"https:\/\/capstanmusik.dk\/wp-content\/uploads\/2025\/Tekster\/079-Sams-gone-away.pdf\">79.\u00a0Sam\u00b4s Gone Away<\/a><\/span><br \/><span style=\"color: #000000;\"><a style=\"color: #000000;\" href=\"https:\/\/capstanmusik.dk\/wp-content\/uploads\/2025\/Tekster\/080-Botany-Bay.pdf\">80. Botany Bay<\/a><\/span><br \/><span style=\"color: #000000;\"><a style=\"color: #000000;\" href=\"https:\/\/capstanmusik.dk\/wp-content\/uploads\/2025\/Tekster\/081-Der-gaar-altid-baade-tilbage-2.pdf\">81. Der g\u00e5r altid b\u00e5de tilbage<\/a><\/span><br \/><span style=\"color: #000000;\"><a style=\"color: #000000;\" href=\"https:\/\/capstanmusik.dk\/wp-content\/uploads\/2025\/Tekster\/082-Mytteriet-paa-Bounty-nr-aendring.pdf\">82. Mytteriet p\u00e5 Bounty<\/a><\/span><br \/><span style=\"color: #000000;\"><a style=\"color: #000000;\" href=\"https:\/\/capstanmusik.dk\/wp-content\/uploads\/2025\/Tekster\/083-Wellerman.pdf\">83. Wellerman<\/a><\/span><br \/><span style=\"color: #000000;\"><a style=\"color: #000000;\" href=\"https:\/\/capstanmusik.dk\/wp-content\/uploads\/2025\/Tekster\/086-Nu-har-vi-kun-minderne-noder.pdf\">86. Nu har vi kun minderne<\/a><\/span><br \/><span style=\"color: #000000;\"><a style=\"color: #000000;\" href=\"https:\/\/capstanmusik.dk\/wp-content\/uploads\/2025\/Tekster\/88-Capstans-drikkevise.pdf\">88. S\u00e5 l\u00e6nge vi \u00f8llet kan drikke<\/a><\/span><br \/><span style=\"color: #000000;\"><a style=\"color: #000000;\" href=\"https:\/\/capstanmusik.dk\/wp-content\/uploads\/2025\/Tekster\/090-Hyldest-til-Esbjerg.pdf\">90. Hyldest til Esbjerg<\/a><\/span><br \/><span style=\"color: #000000;\"><a style=\"color: #000000;\" href=\"https:\/\/capstanmusik.dk\/wp-content\/uploads\/2025\/Tekster\/000-Det-gode-skib-Martha.pdf\">0. Det gode skib Martha<\/a><\/span><\/p>\n","protected":false},"excerpt":{"rendered":"<p>1.\u00a0 Den er fin med kompasset4. Rolling Home6. Imellem Esbjerg og Fan\u00f810. Blow boys blow12.\u00a0Leave her, Johnny, leave her13. Can`t you dance the polka20. Afskedssang fra Fan\u00f820a. Afskedssang fra Fan\u00f8 &#8211; Cuxhaven22. Farewell to Carlingford25. Baltimore song (up she goes)27. Home from the sea29. Fire down below30. Esbjerg Valsen31. Fra Halifax til Spanien32. Strike the [&hellip;]<\/p>\n","protected":false},"author":1,"featured_media":0,"parent":0,"menu_order":1,"comment_status":"closed","ping_status":"closed","template":"","meta":{"footnotes":""},"class_list":["post-931","page","type-page","status-publish","hentry"],"featured_image_src":null,"_links":{"self":[{"href":"https:\/\/capstanmusik.dk\/index.php?rest_route=\/wp\/v2\/pages\/931","targetHints":{"allow":["GET"]}}],"collection":[{"href":"https:\/\/capstanmusik.dk\/index.php?rest_route=\/wp\/v2\/pages"}],"about":[{"href":"https:\/\/capstanmusik.dk\/index.php?rest_route=\/wp\/v2\/types\/page"}],"author":[{"embeddable":true,"href":"https:\/\/capstanmusik.dk\/index.php?rest_route=\/wp\/v2\/users\/1"}],"replies":[{"embeddable":true,"href":"https:\/\/capstanmusik.dk\/index.php?rest_route=%2Fwp%2Fv2%2Fcomments&post=931"}],"version-history":[{"count":16,"href":"https:\/\/capstanmusik.dk\/index.php?rest_route=\/wp\/v2\/pages\/931\/revisions"}],"predecessor-version":[{"id":1045,"href":"https:\/\/capstanmusik.dk\/index.php?rest_route=\/wp\/v2\/pages\/931\/revisions\/1045"}],"wp:attachment":[{"href":"https:\/\/capstanmusik.dk\/index.php?rest_route=%2Fwp%2Fv2%2Fmedia&parent=931"}],"curies":[{"name":"wp","href":"https:\/\/api.w.org\/{rel}","templated":true}]}}